{"id":24,"date":"2025-07-27T11:43:48","date_gmt":"2025-07-27T11:43:48","guid":{"rendered":"https:\/\/odczarujsiebie.pl\/?page_id=24"},"modified":"2025-09-28T17:11:43","modified_gmt":"2025-09-28T17:11:43","slug":"strona-domowa","status":"publish","type":"page","link":"https:\/\/odczarujsiebie.pl\/","title":{"rendered":"Witaj w \u015bwiecie zmys\u0142\u00f3w!"},"content":{"rendered":"\n<p><\/p>\n\n\n\n<p><\/p>\n\n\n\n<p><\/p>\n\n\n\n<div class=\"wp-block-group alignfull has-ast-global-color-5-background-color has-background\" style=\"padding-bottom:0px\"><div class=\"wp-block-group__inner-container is-layout-constrained wp-container-core-group-is-layout-9ff7351d wp-block-group-is-layout-constrained\">\n<div class=\"wp-block-columns are-vertically-aligned-top is-layout-flex wp-container-core-columns-is-layout-88c107d0 wp-block-columns-is-layout-flex\">\n<div class=\"wp-block-column is-vertically-aligned-top is-layout-flow wp-block-column-is-layout-flow\">\n<figure class=\"wp-block-image size-full is-resized\"><img decoding=\"async\" width=\"500\" height=\"500\" src=\"https:\/\/odczarujsiebie.pl\/wp-content\/uploads\/2025\/07\/Untitled-design-2.png\" alt=\"\" class=\"wp-image-89\" style=\"width:57px;height:auto\" srcset=\"https:\/\/odczarujsiebie.pl\/wp-content\/uploads\/2025\/07\/Untitled-design-2.png 500w, https:\/\/odczarujsiebie.pl\/wp-content\/uploads\/2025\/07\/Untitled-design-2-300x300.png 300w, https:\/\/odczarujsiebie.pl\/wp-content\/uploads\/2025\/07\/Untitled-design-2-150x150.png 150w\" sizes=\"(max-width: 500px) 100vw, 500px\" \/><\/figure>\n\n\n\n<h3 class=\"wp-block-heading has-text-align-left\" style=\"margin-top:16px\">Co robimy?<\/h3>\n\n\n\n<p class=\"has-text-align-left\">Zapraszamy do zmys\u0142owej eksploracji!<\/p>\n<\/div>\n\n\n\n<div class=\"wp-block-column is-vertically-aligned-top is-layout-flow wp-block-column-is-layout-flow\">\n<figure class=\"wp-block-image size-full is-resized\"><img decoding=\"async\" width=\"500\" height=\"500\" src=\"https:\/\/odczarujsiebie.pl\/wp-content\/uploads\/2025\/07\/Untitled-design-4.png\" alt=\"\" class=\"wp-image-91\" style=\"width:55px;height:auto\" srcset=\"https:\/\/odczarujsiebie.pl\/wp-content\/uploads\/2025\/07\/Untitled-design-4.png 500w, https:\/\/odczarujsiebie.pl\/wp-content\/uploads\/2025\/07\/Untitled-design-4-300x300.png 300w, https:\/\/odczarujsiebie.pl\/wp-content\/uploads\/2025\/07\/Untitled-design-4-150x150.png 150w\" sizes=\"(max-width: 500px) 100vw, 500px\" \/><\/figure>\n\n\n\n<h3 class=\"wp-block-heading has-text-align-left\" style=\"margin-top:16px\">Blog<\/h3>\n\n\n\n<p class=\"has-text-align-left\">Zmys\u0142owe wpisy<\/p>\n<\/div>\n\n\n\n<div class=\"wp-block-column is-vertically-aligned-top is-layout-flow wp-block-column-is-layout-flow\">\n<figure class=\"wp-block-image size-full is-resized\"><img decoding=\"async\" width=\"500\" height=\"500\" src=\"https:\/\/odczarujsiebie.pl\/wp-content\/uploads\/2025\/07\/Untitled-design-5.png\" alt=\"\" class=\"wp-image-92\" style=\"width:51px;height:auto\" srcset=\"https:\/\/odczarujsiebie.pl\/wp-content\/uploads\/2025\/07\/Untitled-design-5.png 500w, https:\/\/odczarujsiebie.pl\/wp-content\/uploads\/2025\/07\/Untitled-design-5-300x300.png 300w, https:\/\/odczarujsiebie.pl\/wp-content\/uploads\/2025\/07\/Untitled-design-5-150x150.png 150w\" sizes=\"(max-width: 500px) 100vw, 500px\" \/><\/figure>\n\n\n\n<h3 class=\"wp-block-heading has-text-align-left\" style=\"margin-top:16px\">Ciekawostki<\/h3>\n\n\n\n<p class=\"has-text-align-left\">Mo\u017ce znajdziesz tutaj co\u015b ciekawego \ud83d\ude09<\/p>\n<\/div>\n<\/div>\n<\/div><\/div>\n\n\n\n<div class=\"wp-block-group alignfull\" id=\"services\" style=\"padding-top:144px;padding-bottom:0px\"><div class=\"wp-block-group__inner-container is-layout-constrained wp-container-core-group-is-layout-87b4ec50 wp-block-group-is-layout-constrained\">\n<h2 class=\"wp-block-heading\">Co tutaj znajdziesz?<\/h2>\n\n\n\n<div class=\"wp-block-columns is-layout-flex wp-container-core-columns-is-layout-f2dca054 wp-block-columns-is-layout-flex\" style=\"margin-top:50px\">\n<div class=\"wp-block-column is-layout-flow wp-block-column-is-layout-flow\">\n<figure class=\"wp-block-image size-full\"><img decoding=\"async\" width=\"768\" height=\"1024\" src=\"https:\/\/odczarujsiebie.pl\/wp-content\/uploads\/2025\/07\/Truskawki-jedzone.jpg\" alt=\"\" class=\"wp-image-133\" srcset=\"https:\/\/odczarujsiebie.pl\/wp-content\/uploads\/2025\/07\/Truskawki-jedzone.jpg 768w, https:\/\/odczarujsiebie.pl\/wp-content\/uploads\/2025\/07\/Truskawki-jedzone-225x300.jpg 225w\" sizes=\"(max-width: 768px) 100vw, 768px\" \/><\/figure>\n\n\n\n<h3 class=\"wp-block-heading\" style=\"margin-top:16px\">Publikacje zwi\u0105zane ze zmys\u0142owymi do\u015bwiadczeniami<\/h3>\n\n\n\n<p>Na blogu i inne &#8211; je\u017celi tylko takowe przyjd\u0105 nam do g\u0142owy \ud83d\ude09<\/p>\n<\/div>\n\n\n\n<div class=\"wp-block-column is-layout-flow wp-block-column-is-layout-flow\">\n<figure class=\"wp-block-image size-full\"><img decoding=\"async\" width=\"768\" height=\"1024\" src=\"https:\/\/odczarujsiebie.pl\/wp-content\/uploads\/2025\/07\/obraz-1753647274231.jpg\" alt=\"\" class=\"wp-image-131\" srcset=\"https:\/\/odczarujsiebie.pl\/wp-content\/uploads\/2025\/07\/obraz-1753647274231.jpg 768w, https:\/\/odczarujsiebie.pl\/wp-content\/uploads\/2025\/07\/obraz-1753647274231-225x300.jpg 225w\" sizes=\"(max-width: 768px) 100vw, 768px\" \/><\/figure>\n\n\n\n<h3 class=\"wp-block-heading\" style=\"margin-top:16px\">E-booki zabieraj\u0105ce Ci\u0119 w &#8222;zmys\u0142owe podr\u00f3\u017ce&#8221;<\/h3>\n\n\n\n<p>Spotkania z afrodyzjakami albo inspiruj\u0105ca lektura dla pragn\u0105cych tworzy\u0107 w\u0142asne perfumy &#8222;\u017c\u00f3\u0142todziob\u00f3w&#8221; &#8211; zapraszamy!<\/p>\n<\/div>\n\n\n\n<div class=\"wp-block-column is-layout-flow wp-block-column-is-layout-flow\">\n<figure class=\"wp-block-image size-full\"><img decoding=\"async\" width=\"768\" height=\"1024\" src=\"https:\/\/odczarujsiebie.pl\/wp-content\/uploads\/2025\/07\/obraz-1753647102786.jpg\" alt=\"\" class=\"wp-image-129\" srcset=\"https:\/\/odczarujsiebie.pl\/wp-content\/uploads\/2025\/07\/obraz-1753647102786.jpg 768w, https:\/\/odczarujsiebie.pl\/wp-content\/uploads\/2025\/07\/obraz-1753647102786-225x300.jpg 225w\" sizes=\"(max-width: 768px) 100vw, 768px\" \/><\/figure>\n\n\n\n<h3 class=\"wp-block-heading\" style=\"margin-top:16px\">Wkr\u00f3tce: generator kompozycji zapachowych, dla poszukuj\u0105cych inspiracji<\/h3>\n\n\n\n<p>Je\u017celi pragniesz tworzy\u0107 pi\u0119kne perfumy, ale poszukujesz podpowiedzi lub inspiracji &#8211; wypr\u00f3buj nasz generator kompozycji zapachowych \ud83d\ude09<\/p>\n<\/div>\n<\/div>\n<\/div><\/div>\n\n\n\n<div class=\"wp-block-group alignfull has-ast-global-color-5-background-color has-background\" id=\"about\" style=\"padding-top:143px;padding-bottom:144px\"><div class=\"wp-block-group__inner-container is-layout-constrained wp-container-core-group-is-layout-fe2c33bb wp-block-group-is-layout-constrained\">\n<div class=\"wp-block-media-text has-media-on-the-right is-stacked-on-mobile is-vertically-aligned-center\" style=\"grid-template-columns:auto 43%\"><div class=\"wp-block-media-text__content\">\n<div class=\"wp-block-group\" style=\"padding-right:80px\"><div class=\"wp-block-group__inner-container is-layout-constrained wp-container-core-group-is-layout-4b302186 wp-block-group-is-layout-constrained\">\n<h2 class=\"wp-block-heading\" style=\"padding-right:40px\">Odczaruj Siebie &#8211; powr\u00f3\u0107 do w\u0142asnych zmys\u0142\u00f3w!<\/h2>\n\n\n\n<p>To &#8222;postradanie zmys\u0142\u00f3w&#8221; jest raczej symboliczne, cho\u0107 mo\u017ce by\u0107 bardzo namacalne i dos\u0142owne. Je\u017celi czujesz, \u017ce przyt\u0142acza Ci\u0119 stres, napi\u0119cie, nadmiar codziennych obowi\u0105zk\u00f3w, czujesz si\u0119 wypalona, przem\u0119czona itp. &#8211; to mo\u017cliwe, \u017ce przesta\u0142a\u015b cieszy\u0107 si\u0119 \u017cyciem, prostymi i bardziej wysublimowanymi zmys\u0142owymi wra\u017ceniami i do\u015bwiadczeniami. Na sw\u00f3j spos\u00f3b odci\u0119\u0142a\u015b si\u0119 od siebie, zdysocjowa\u0142a\u015b (?) od tego, co sama czujesz. Codzienne do\u015bwiadczenia, wra\u017cenia, smaki, zapachy czy d\u017awi\u0119ki &#8211; przelatuj\u0105 gdzie\u015b ko\u0142o Ciebie, jakby w tle. Czujesz si\u0119 niczym maszyna mechanicznie wykonuj\u0105ca codziennie, w spos\u00f3b monotonny, \u017cmudny i powtarzalny te same czynno\u015bci? Z przyzwyczajenia: jesz na zmian\u0119 kilka tych samych da\u0144, nosisz kilka tych samych sukienek b\u0105d\u017a zestaw\u00f3w ubra\u0144, popad\u0142a\u015b w monotonn\u0105, mo\u017ce i wygodn\u0105, ale wcale nie przyjemn\u0105 rutyn\u0119? Czujesz si\u0119 niejako &#8222;zakl\u0119ta&#8221; w takim stanie? Chcia\u0142aby\u015b zatrzyma\u0107 si\u0119 na chwil\u0119, znowu poczu\u0107 i podelektowa\u0107 si\u0119 tym co pi\u0119kne, smaczne b\u0105d\u017a np. mi\u0142e w dotyku? Chcemy zainspirowa\u0107 Ci\u0119 do tego, aby\u015b spr\u00f3bowa\u0142a &#8222;odczarowa\u0107 siebie&#8221;, za po\u015brednictwem zmys\u0142owych do\u015bwiadcze\u0144! Je\u017celi to Ci\u0119 zaintrygowa\u0142o &#8211; zosta\u0144 z nami!<\/p>\n<\/div><\/div>\n<\/div><figure class=\"wp-block-media-text__media\"><img decoding=\"async\" width=\"768\" height=\"1024\" src=\"https:\/\/odczarujsiebie.pl\/wp-content\/uploads\/2025\/07\/obraz-1753649489680.jpg\" alt=\"\" class=\"wp-image-144 size-full\" srcset=\"https:\/\/odczarujsiebie.pl\/wp-content\/uploads\/2025\/07\/obraz-1753649489680.jpg 768w, https:\/\/odczarujsiebie.pl\/wp-content\/uploads\/2025\/07\/obraz-1753649489680-225x300.jpg 225w\" sizes=\"(max-width: 768px) 100vw, 768px\" \/><\/figure><\/div>\n<\/div><\/div>\n\n\n\n<div class=\"wp-block-group alignfull has-ast-global-color-4-background-color has-background\" id=\"reviews\"><div class=\"wp-block-group__inner-container is-layout-constrained wp-container-core-group-is-layout-be8a1dfc wp-block-group-is-layout-constrained\"><div class=\"wp-block-image\">\n<figure class=\"aligncenter size-full\"><img decoding=\"async\" width=\"500\" height=\"500\" src=\"https:\/\/odczarujsiebie.pl\/wp-content\/uploads\/2025\/07\/Odczaruj-Siebie-5-1.png\" alt=\"\" class=\"wp-image-84\" srcset=\"https:\/\/odczarujsiebie.pl\/wp-content\/uploads\/2025\/07\/Odczaruj-Siebie-5-1.png 500w, https:\/\/odczarujsiebie.pl\/wp-content\/uploads\/2025\/07\/Odczaruj-Siebie-5-1-300x300.png 300w, https:\/\/odczarujsiebie.pl\/wp-content\/uploads\/2025\/07\/Odczaruj-Siebie-5-1-150x150.png 150w\" sizes=\"(max-width: 500px) 100vw, 500px\" \/><\/figure>\n<\/div>\n\n\n<p class=\"has-text-align-center\" style=\"font-size:22px;line-height:1.6\">Pragniemy dostarcza\u0107 Wam zmys\u0142owych wra\u017ce\u0144 i pi\u0119knych marze\u0144<\/p>\n\n\n\n<p class=\"has-text-align-center\" style=\"font-size:22px;line-height:1.6\">oraz inspiracji!<\/p>\n\n\n\n<p class=\"has-text-align-center\">A przy okazji, by\u0107 mo\u017ce, kilku praktycznych wskaz\u00f3wek \ud83d\ude09<\/p>\n\n\n\n<p class=\"has-text-align-center\"><strong>Odczaruj Siebie &#8211; powr\u00f3\u0107 co w\u0142asnych zmys\u0142\u00f3w!<\/strong><\/p>\n<\/div><\/div>\n\n\n\n<div class=\"wp-block-group alignfull\" id=\"whyus\" style=\"padding-top:144px;padding-bottom:144px\"><div class=\"wp-block-group__inner-container is-layout-constrained wp-container-core-group-is-layout-360cd3be wp-block-group-is-layout-constrained\">\n<h2 class=\"wp-block-heading\">Dotar\u0142a\u015b a\u017c dot\u0105d &#8211; wygl\u0105da na to, \u017ce zostaniesz na d\u0142u\u017cej!<\/h2>\n\n\n\n<div class=\"wp-block-columns is-layout-flex wp-container-core-columns-is-layout-327a385a wp-block-columns-is-layout-flex\" style=\"margin-top:60px\">\n<div class=\"wp-block-column is-layout-flow wp-block-column-is-layout-flow\">\n<figure class=\"wp-block-image size-full is-resized\"><img decoding=\"async\" width=\"500\" height=\"500\" src=\"https:\/\/odczarujsiebie.pl\/wp-content\/uploads\/2025\/07\/Untitled-design-8.png\" alt=\"\" class=\"wp-image-96\" style=\"width:72px;height:auto\" srcset=\"https:\/\/odczarujsiebie.pl\/wp-content\/uploads\/2025\/07\/Untitled-design-8.png 500w, https:\/\/odczarujsiebie.pl\/wp-content\/uploads\/2025\/07\/Untitled-design-8-300x300.png 300w, https:\/\/odczarujsiebie.pl\/wp-content\/uploads\/2025\/07\/Untitled-design-8-150x150.png 150w\" sizes=\"(max-width: 500px) 100vw, 500px\" \/><\/figure>\n\n\n\n<h3 class=\"wp-block-heading\" style=\"margin-top:16px\">Podoba Ci si\u0119 tu?<\/h3>\n\n\n\n<p>Je\u017celi tak, to zapraszamy na nasze social media. <\/p>\n<\/div>\n\n\n\n<div class=\"wp-block-column is-layout-flow wp-block-column-is-layout-flow\">\n<figure class=\"wp-block-image size-full is-resized\"><img decoding=\"async\" width=\"500\" height=\"500\" src=\"https:\/\/odczarujsiebie.pl\/wp-content\/uploads\/2025\/07\/Untitled-design-6.png\" alt=\"\" class=\"wp-image-98\" style=\"width:61px;height:auto\" srcset=\"https:\/\/odczarujsiebie.pl\/wp-content\/uploads\/2025\/07\/Untitled-design-6.png 500w, https:\/\/odczarujsiebie.pl\/wp-content\/uploads\/2025\/07\/Untitled-design-6-300x300.png 300w, https:\/\/odczarujsiebie.pl\/wp-content\/uploads\/2025\/07\/Untitled-design-6-150x150.png 150w\" sizes=\"(max-width: 500px) 100vw, 500px\" \/><\/figure>\n\n\n\n<h3 class=\"wp-block-heading\" style=\"margin-top:16px\">Pole\u0107 nas znajomym!<\/h3>\n\n\n\n<p>A mo\u017ce te tre\u015bci to co\u015b w sam raz r\u00f3wnie\u017c dla Twoich znajomych?<\/p>\n<\/div>\n\n\n\n<div class=\"wp-block-column is-layout-flow wp-block-column-is-layout-flow\">\n<figure class=\"wp-block-image size-full is-resized\"><img decoding=\"async\" width=\"500\" height=\"500\" src=\"https:\/\/odczarujsiebie.pl\/wp-content\/uploads\/2025\/07\/Untitled-design-5.png\" alt=\"\" class=\"wp-image-92\" style=\"width:56px;height:auto\" srcset=\"https:\/\/odczarujsiebie.pl\/wp-content\/uploads\/2025\/07\/Untitled-design-5.png 500w, https:\/\/odczarujsiebie.pl\/wp-content\/uploads\/2025\/07\/Untitled-design-5-300x300.png 300w, https:\/\/odczarujsiebie.pl\/wp-content\/uploads\/2025\/07\/Untitled-design-5-150x150.png 150w\" sizes=\"(max-width: 500px) 100vw, 500px\" \/><\/figure>\n\n\n\n<h3 class=\"wp-block-heading\" style=\"margin-top:16px\">Masz w\u0142asne inspiracje?<\/h3>\n\n\n\n<p>Inspiracji nam nie brakuje, ale te s\u0105 nasze. Je\u017celi masz w\u0142asne pomys\u0142y na ciekawe tre\u015bci, jakie mo\u017cemy stworzy\u0107, kt\u00f3re szczeg\u00f3lnie Ci\u0119 interesuj\u0105 &#8211; podziel si\u0119!<\/p>\n<\/div>\n<\/div>\n<\/div><\/div>\n","protected":false},"excerpt":{"rendered":"<p>Co robimy? Zapraszamy do zmys\u0142owej eksploracji! Blog Zmys\u0142owe wpisy Ciekawostki Mo\u017ce znajdziesz tutaj co\u015b ciekawego \ud83d\ude09 Co tutaj znajdziesz? Publikacje zwi\u0105zane ze zmys\u0142owymi do\u015bwiadczeniami Na blogu i inne &#8211; je\u017celi tylko takowe przyjd\u0105 nam do g\u0142owy \ud83d\ude09 E-booki zabieraj\u0105ce Ci\u0119 w &#8222;zmys\u0142owe podr\u00f3\u017ce&#8221; Spotkania z afrodyzjakami albo inspiruj\u0105ca lektura dla pragn\u0105cych tworzy\u0107 w\u0142asne perfumy &#8222;\u017c\u00f3\u0142todziob\u00f3w&#8221;&hellip;&nbsp;<a href=\"https:\/\/odczarujsiebie.pl\/\" rel=\"bookmark\"><span class=\"screen-reader-text\">Witaj w \u015bwiecie zmys\u0142\u00f3w!<\/span><\/a><\/p>\n","protected":false},"author":1,"featured_media":0,"parent":0,"menu_order":0,"comment_status":"closed","ping_status":"closed","template":"","meta":{"neve_meta_sidebar":"","neve_meta_container":"","neve_meta_enable_content_width":"","neve_meta_content_width":0,"neve_meta_title_alignment":"","neve_meta_author_avatar":"","neve_post_elements_order":"","neve_meta_disable_header":"","neve_meta_disable_footer":"","neve_meta_disable_title":"","footnotes":""},"class_list":["post-24","page","type-page","status-publish","hentry"],"_links":{"self":[{"href":"https:\/\/odczarujsiebie.pl\/index.php?rest_route=\/wp\/v2\/pages\/24","targetHints":{"allow":["GET"]}}],"collection":[{"href":"https:\/\/odczarujsiebie.pl\/index.php?rest_route=\/wp\/v2\/pages"}],"about":[{"href":"https:\/\/odczarujsiebie.pl\/index.php?rest_route=\/wp\/v2\/types\/page"}],"author":[{"embeddable":true,"href":"https:\/\/odczarujsiebie.pl\/index.php?rest_route=\/wp\/v2\/users\/1"}],"replies":[{"embeddable":true,"href":"https:\/\/odczarujsiebie.pl\/index.php?rest_route=%2Fwp%2Fv2%2Fcomments&post=24"}],"version-history":[{"count":29,"href":"https:\/\/odczarujsiebie.pl\/index.php?rest_route=\/wp\/v2\/pages\/24\/revisions"}],"predecessor-version":[{"id":212,"href":"https:\/\/odczarujsiebie.pl\/index.php?rest_route=\/wp\/v2\/pages\/24\/revisions\/212"}],"wp:attachment":[{"href":"https:\/\/odczarujsiebie.pl\/index.php?rest_route=%2Fwp%2Fv2%2Fmedia&parent=24"}],"curies":[{"name":"wp","href":"https:\/\/api.w.org\/{rel}","templated":true}]}}